{"id":8,"date":"2021-03-10T05:43:11","date_gmt":"2021-03-10T04:43:11","guid":{"rendered":"http:\/\/immobilienbartels.de\/?page_id=8"},"modified":"2024-09-30T16:39:26","modified_gmt":"2024-09-30T15:39:26","slug":"uber-uns","status":"publish","type":"page","link":"https:\/\/immobilienbartels.de\/","title":{"rendered":"\u00dcber Uns"},"content":{"rendered":"\n<p>Die Bartels Immobilien GmbH &amp; Co. KG wurde 2004 als Familienunternehmen gegr\u00fcndet und hat ihren Ursprung im nieders\u00e4chsischen Peine. Sie wurde gegr\u00fcndet, um den Immobilienbesitz der wachsenden Familie auch weiterhin gemeinschaftlich zu verwalten.&nbsp;<\/p>\n\n\n\n<p>Inzwischen besitzt die Bartels Immobilien GmbH &amp; Co. KG sowohl mehrere Mehrfamilienh\u00e4user und Gewerbeeinheiten in Peine, als auch zahlreiche Eigentumswohnungen in Hannover, Gro\u00dfburgwedel, Hamburg und Aschersleben.<\/p>\n\n\n\n<p>Durch die \u00dcbergabe der Gesch\u00e4ftsf\u00fchrung an die n\u00e4chste Generation weitet sich der Aktionsradius zunehmend auch nach Freiburg, Wuppertal und Berlin aus, dabei wird bei zuk\u00fcnftigen Projekten nachhaltiges Bauen und gemeinschaftliches Wohnen im Vordergrund stehen.&nbsp;<\/p>\n\n\n\n<p>F\u00fcr neue Projekte steht ein breites Spektrum an Know-How zur Verf\u00fcgung: die Bartels Immobilien GmbH &amp; Co. KG ist Hauptgesellschafterin der Bartels Verwaltungs GmbH (seit November 2020 mit Sitz in Freiburg), eine finanzstarke Holding mit Beteiligungen an der HANKE Bau- und Projektentwicklungs GmbH, dem Peiner Ingenieurb\u00fcro und der Peiner Stra\u00dfenbau GmbH. Die \u201eHANKE\u201c Gruppe ist seit 90 Jahren im Familienbesitz.&nbsp;<\/p>\n\n\n\n<p>Zus\u00e4tzlich bringt die j\u00fcngere Generation neue Visionen in Richtung nachhaltiger Transformation, Ideen und eine Vielfalt an Kompetenzen mit in das Unternehmen. Unsere Fachrichtungen variieren von Umweltwissenschaften und nachhaltiger Entwicklung zu Architektur und Stadtplanung bis hin zur Gr\u00fcndung von eigenen Unternehmen in kaufm\u00e4nnischen und technischen Berufen.<\/p>\n\n\n\n<div style=\"height:100px\" aria-hidden=\"true\" class=\"wp-block-spacer\"><\/div>\n\n\n\n<h2 class=\"wp-block-heading alignwide has-text-color\" style=\"color:#bc8c43\">Immobilien<\/h2>\n\n\n\n<hr class=\"wp-block-separator has-css-opacity alignwide\"\/>\n\n\n\n<div class=\"wp-block-media-text alignwide is-stacked-on-mobile\"><figure class=\"wp-block-media-text__media\"><img loading=\"lazy\" decoding=\"async\" width=\"1024\" height=\"681\" src=\"http:\/\/immobilienbartels.de\/wp-content\/uploads\/2021\/03\/DSC3627_Watermark-1024x681.jpg\" alt=\"\" class=\"wp-image-27 size-full\" srcset=\"https:\/\/immobilienbartels.de\/wp-content\/uploads\/2021\/03\/DSC3627_Watermark-1024x681.jpg 1024w, https:\/\/immobilienbartels.de\/wp-content\/uploads\/2021\/03\/DSC3627_Watermark-300x200.jpg 300w, https:\/\/immobilienbartels.de\/wp-content\/uploads\/2021\/03\/DSC3627_Watermark-768x511.jpg 768w, https:\/\/immobilienbartels.de\/wp-content\/uploads\/2021\/03\/DSC3627_Watermark-1536x1022.jpg 1536w, https:\/\/immobilienbartels.de\/wp-content\/uploads\/2021\/03\/DSC3627_Watermark-2048x1363.jpg 2048w, https:\/\/immobilienbartels.de\/wp-content\/uploads\/2021\/03\/DSC3627_Watermark-1568x1043.jpg 1568w\" sizes=\"(max-width: 1024px) 100vw, 1024px\" \/><\/figure><div class=\"wp-block-media-text__content\">\n<p>Ein Teil unserer Immobilien befindet sich mittlerweile in der vierten Generation im Familienbesitz. Es ist unser Ziel, Immobilien langfristig zu erhalten und Wohnraum und Gewerbe mit gutem Standard zu fairen Mieten zur Verf\u00fcgung zu stellen. Alle Bestandsimmobilien wurden in den letzten 15 Jahren komplett saniert. Dabei wurden immer sowohl \u00f6kologische, als auch \u00e4sthetische und wirtschaftliche Gesichtspunkte ber\u00fccksichtigt.&nbsp;<\/p>\n<\/div><\/div>\n\n\n\n<div class=\"wp-block-buttons alignwide is-horizontal is-content-justification-center is-layout-flex wp-container-core-buttons-is-layout-1 wp-block-buttons-is-layout-flex\">\n<div class=\"wp-block-button is-style-outline is-style-outline--b3b34e8d094fda187036a31cb2991088\"><a class=\"wp-block-button__link wp-element-button\" href=\"http:\/\/immobilienbartels.de\/?page_id=11\">Immobilien ansehen<\/a><\/div>\n<\/div>\n\n\n\n<div style=\"height:100px\" aria-hidden=\"true\" class=\"wp-block-spacer\"><\/div>\n\n\n\n<h2 class=\"wp-block-heading alignwide has-text-color\" style=\"color:#bc8c43\">Nachhaltigkeit<\/h2>\n\n\n\n<hr class=\"wp-block-separator has-css-opacity alignwide\"\/>\n\n\n\n<p class=\"has-text-align-left\">Die Bartels Immobilien GmbH &amp; Co. KG befindet sich momentan in einem Generationenwechsel. Mit der neuen Generation kommen neue Visionen und Werte ins Unternehmen. Diese sind unserer Meinung nach in der heutigen Zeit nicht mehr weg zu denken. Ein zentrales Anliegen ist die Transformation hin zu einer nachhaltigen Unternehmenspraxis: enkel*innentauglich, ressourcenschonend, klimaneutral, wirtschaftlich, sozial gerecht und gemeinschaftlich zukunftsf\u00e4hig.&nbsp;<\/p>\n\n\n\n<hr class=\"wp-block-separator has-css-opacity alignwide\"\/>\n\n\n\n<p><\/p>\n","protected":false},"excerpt":{"rendered":"<p>Die Bartels Immobilien GmbH &amp; Co. KG wurde 2004 als Familienunternehmen gegr\u00fcndet und hat ihren Ursprung im nieders\u00e4chsischen Peine. Sie wurde gegr\u00fcndet, um den Immobilienbesitz der wachsenden Familie auch weiterhin gemeinschaftlich zu verwalten.&nbsp; Inzwischen besitzt die Bartels Immobilien GmbH &amp; Co. KG sowohl mehrere Mehrfamilienh\u00e4user und Gewerbeeinheiten in Peine, als auch zahlreiche Eigentumswohnungen in Hannover,&hellip; <a class=\"more-link\" href=\"https:\/\/immobilienbartels.de\/\"><span class=\"screen-reader-text\">\u00dcber Uns<\/span> weiterlesen<\/a><\/p>\n","protected":false},"author":1,"featured_media":0,"parent":0,"menu_order":0,"comment_status":"closed","ping_status":"closed","template":"","meta":{"footnotes":""},"class_list":["post-8","page","type-page","status-publish","hentry","entry"],"_links":{"self":[{"href":"https:\/\/immobilienbartels.de\/index.php?rest_route=\/wp\/v2\/pages\/8"}],"collection":[{"href":"https:\/\/immobilienbartels.de\/index.php?rest_route=\/wp\/v2\/pages"}],"about":[{"href":"https:\/\/immobilienbartels.de\/index.php?rest_route=\/wp\/v2\/types\/page"}],"author":[{"embeddable":true,"href":"https:\/\/immobilienbartels.de\/index.php?rest_route=\/wp\/v2\/users\/1"}],"replies":[{"embeddable":true,"href":"https:\/\/immobilienbartels.de\/index.php?rest_route=%2Fwp%2Fv2%2Fcomments&post=8"}],"version-history":[{"count":15,"href":"https:\/\/immobilienbartels.de\/index.php?rest_route=\/wp\/v2\/pages\/8\/revisions"}],"predecessor-version":[{"id":98,"href":"https:\/\/immobilienbartels.de\/index.php?rest_route=\/wp\/v2\/pages\/8\/revisions\/98"}],"wp:attachment":[{"href":"https:\/\/immobilienbartels.de\/index.php?rest_route=%2Fwp%2Fv2%2Fmedia&parent=8"}],"curies":[{"name":"wp","href":"https:\/\/api.w.org\/{rel}","templated":true}]}}